{"id":732,"date":"2020-10-09T08:58:02","date_gmt":"2020-10-09T08:58:02","guid":{"rendered":"https:\/\/parodent.com.ua\/?page_id=732"},"modified":"2025-01-23T14:15:40","modified_gmt":"2025-01-23T14:15:40","slug":"poslugi","status":"publish","type":"page","link":"https:\/\/parodent.com.ua\/pl\/poslugi\/","title":{"rendered":"nasze <span>US\u0141UGI<\/span>"},"content":{"rendered":"","protected":false},"excerpt":{"rendered":"","protected":false},"author":1,"featured_media":0,"parent":0,"menu_order":11,"comment_status":"closed","ping_status":"closed","template":"templates\/services.php","meta":{"_acf_changed":false,"inline_featured_image":false,"footnotes":""},"class_list":["post-732","page","type-page","status-publish","hentry"],"acf":[],"yoast_head":"<!-- This site is optimized with the Yoast SEO plugin v26.6 - https:\/\/yoast.com\/wordpress\/plugins\/seo\/ -->\n<title>Us\u0142ugi - Sie\u0107 stomatologiczna Parodent<\/title>\n<meta name=\"description\" content=\"Sie\u0107 gabinet\u00f3w stomatologicznych Parodent \u015bwiadczy wszelkiego rodzaju us\u0142ugi stomatologiczne - diagnostyk\u0119 i leczenie, zdj\u0119cia rentgenowskie, profesjonaln\u0105 higien\u0119, wybielanie, implantologi\u0119 itp. Zapisz si\u0119 na konsultacj\u0119\" \/>\n<meta name=\"robots\" content=\"index, follow, max-snippet:-1, max-image-preview:large, max-video-preview:-1\" \/>\n<link rel=\"canonical\" href=\"https:\/\/parodent.com.ua\/pl\/poslugi\/\" \/>\n<meta property=\"og:locale\" content=\"pl_PL\" \/>\n<meta property=\"og:type\" content=\"article\" \/>\n<meta property=\"og:title\" content=\"Us\u0142ugi - Sie\u0107 stomatologiczna Parodent\" \/>\n<meta property=\"og:description\" content=\"Sie\u0107 gabinet\u00f3w stomatologicznych Parodent \u015bwiadczy wszelkiego rodzaju us\u0142ugi stomatologiczne - diagnostyk\u0119 i leczenie, zdj\u0119cia rentgenowskie, profesjonaln\u0105 higien\u0119, wybielanie, implantologi\u0119 itp. Zapisz si\u0119 na konsultacj\u0119\" \/>\n<meta property=\"og:url\" content=\"https:\/\/parodent.com.ua\/pl\/poslugi\/\" \/>\n<meta property=\"og:site_name\" content=\"Parodent\" \/>\n<meta property=\"article:modified_time\" content=\"2025-01-23T14:15:40+00:00\" \/>\n<meta name=\"twitter:card\" content=\"summary_large_image\" \/>\n<script type=\"application\/ld+json\" class=\"yoast-schema-graph\">{\"@context\":\"https:\/\/schema.org\",\"@graph\":[{\"@type\":\"WebPage\",\"@id\":\"https:\/\/parodent.com.ua\/pl\/poslugi\/\",\"url\":\"https:\/\/parodent.com.ua\/pl\/poslugi\/\",\"name\":\"Us\u0142ugi - Sie\u0107 stomatologiczna Parodent\",\"isPartOf\":{\"@id\":\"https:\/\/parodent.com.ua\/pl\/#website\"},\"datePublished\":\"2020-10-09T08:58:02+00:00\",\"dateModified\":\"2025-01-23T14:15:40+00:00\",\"description\":\"Sie\u0107 gabinet\u00f3w stomatologicznych Parodent \u015bwiadczy wszelkiego rodzaju us\u0142ugi stomatologiczne - diagnostyk\u0119 i leczenie, zdj\u0119cia rentgenowskie, profesjonaln\u0105 higien\u0119, wybielanie, implantologi\u0119 itp. Zapisz si\u0119 na konsultacj\u0119\",\"breadcrumb\":{\"@id\":\"https:\/\/parodent.com.ua\/pl\/poslugi\/#breadcrumb\"},\"inLanguage\":\"pl-PL\",\"potentialAction\":[{\"@type\":\"ReadAction\",\"target\":[[\"https:\/\/parodent.com.ua\/pl\/poslugi\/\"]]}]},{\"@type\":\"BreadcrumbList\",\"@id\":\"https:\/\/parodent.com.ua\/pl\/poslugi\/#breadcrumb\",\"itemListElement\":[{\"@type\":\"ListItem\",\"position\":1,\"name\":\"\u0413\u043e\u043b\u043e\u0432\u043d\u0430 \u0421\u0442\u043e\u0440\u0456\u043d\u043a\u0430\",\"item\":\"https:\/\/parodent.com.ua\/pl\/\"},{\"@type\":\"ListItem\",\"position\":2,\"name\":\"\u041d\u0430\u0448\u0456 \u043f\u043e\u0441\u043b\u0443\u0433\u0438\"}]},{\"@type\":\"WebSite\",\"@id\":\"https:\/\/parodent.com.ua\/pl\/#website\",\"url\":\"https:\/\/parodent.com.ua\/pl\/\",\"name\":\"\u041f\u0430\u0440\u043e\u0434\u0435\u043d\u0442\",\"description\":\"\",\"potentialAction\":[{\"@type\":\"SearchAction\",\"target\":{\"@type\":\"EntryPoint\",\"urlTemplate\":\"https:\/\/parodent.com.ua\/pl\/?s={search_term_string}\"},\"query-input\":{\"@type\":\"PropertyValueSpecification\",\"valueRequired\":true,\"valueName\":\"search_term_string\"}}],\"inLanguage\":\"pl-PL\"}]}<\/script>\n<!-- \/ Yoast SEO plugin. -->","yoast_head_json":{"title":"Us\u0142ugi - Sie\u0107 stomatologiczna Parodent","description":"Sie\u0107 gabinet\u00f3w stomatologicznych Parodent \u015bwiadczy wszelkiego rodzaju us\u0142ugi stomatologiczne - diagnostyk\u0119 i leczenie, zdj\u0119cia rentgenowskie, profesjonaln\u0105 higien\u0119, wybielanie, implantologi\u0119 itp. Zapisz si\u0119 na konsultacj\u0119","robots":{"index":"index","follow":"follow","max-snippet":"max-snippet:-1","max-image-preview":"max-image-preview:large","max-video-preview":"max-video-preview:-1"},"canonical":"https:\/\/parodent.com.ua\/pl\/poslugi\/","og_locale":"pl_PL","og_type":"article","og_title":"Us\u0142ugi - Sie\u0107 stomatologiczna Parodent","og_description":"Sie\u0107 gabinet\u00f3w stomatologicznych Parodent \u015bwiadczy wszelkiego rodzaju us\u0142ugi stomatologiczne - diagnostyk\u0119 i leczenie, zdj\u0119cia rentgenowskie, profesjonaln\u0105 higien\u0119, wybielanie, implantologi\u0119 itp. Zapisz si\u0119 na konsultacj\u0119","og_url":"https:\/\/parodent.com.ua\/pl\/poslugi\/","og_site_name":"Parodent","article_modified_time":"2025-01-23T14:15:40+00:00","twitter_card":"summary_large_image","schema":{"@context":"https:\/\/schema.org","@graph":[{"@type":"WebPage","@id":"https:\/\/parodent.com.ua\/pl\/poslugi\/","url":"https:\/\/parodent.com.ua\/pl\/poslugi\/","name":"Us\u0142ugi - Sie\u0107 stomatologiczna Parodent","isPartOf":{"@id":"https:\/\/parodent.com.ua\/pl\/#website"},"datePublished":"2020-10-09T08:58:02+00:00","dateModified":"2025-01-23T14:15:40+00:00","description":"Sie\u0107 gabinet\u00f3w stomatologicznych Parodent \u015bwiadczy wszelkiego rodzaju us\u0142ugi stomatologiczne - diagnostyk\u0119 i leczenie, zdj\u0119cia rentgenowskie, profesjonaln\u0105 higien\u0119, wybielanie, implantologi\u0119 itp. Zapisz si\u0119 na konsultacj\u0119","breadcrumb":{"@id":"https:\/\/parodent.com.ua\/pl\/poslugi\/#breadcrumb"},"inLanguage":"pl-PL","potentialAction":[{"@type":"ReadAction","target":[["https:\/\/parodent.com.ua\/pl\/poslugi\/"]]}]},{"@type":"BreadcrumbList","@id":"https:\/\/parodent.com.ua\/pl\/poslugi\/#breadcrumb","itemListElement":[{"@type":"ListItem","position":1,"name":"\u0413\u043e\u043b\u043e\u0432\u043d\u0430 \u0421\u0442\u043e\u0440\u0456\u043d\u043a\u0430","item":"https:\/\/parodent.com.ua\/pl\/"},{"@type":"ListItem","position":2,"name":"\u041d\u0430\u0448\u0456 \u043f\u043e\u0441\u043b\u0443\u0433\u0438"}]},{"@type":"WebSite","@id":"https:\/\/parodent.com.ua\/pl\/#website","url":"https:\/\/parodent.com.ua\/pl\/","name":"\u041f\u0430\u0440\u043e\u0434\u0435\u043d\u0442","description":"","potentialAction":[{"@type":"SearchAction","target":{"@type":"EntryPoint","urlTemplate":"https:\/\/parodent.com.ua\/pl\/?s={search_term_string}"},"query-input":{"@type":"PropertyValueSpecification","valueRequired":true,"valueName":"search_term_string"}}],"inLanguage":"pl-PL"}]}},"_links":{"self":[{"href":"https:\/\/parodent.com.ua\/pl\/wp-json\/wp\/v2\/pages\/732","targetHints":{"allow":["GET"]}}],"collection":[{"href":"https:\/\/parodent.com.ua\/pl\/wp-json\/wp\/v2\/pages"}],"about":[{"href":"https:\/\/parodent.com.ua\/pl\/wp-json\/wp\/v2\/types\/page"}],"author":[{"embeddable":true,"href":"https:\/\/parodent.com.ua\/pl\/wp-json\/wp\/v2\/users\/1"}],"replies":[{"embeddable":true,"href":"https:\/\/parodent.com.ua\/pl\/wp-json\/wp\/v2\/comments?post=732"}],"version-history":[{"count":1,"href":"https:\/\/parodent.com.ua\/pl\/wp-json\/wp\/v2\/pages\/732\/revisions"}],"predecessor-version":[{"id":2727,"href":"https:\/\/parodent.com.ua\/pl\/wp-json\/wp\/v2\/pages\/732\/revisions\/2727"}],"wp:attachment":[{"href":"https:\/\/parodent.com.ua\/pl\/wp-json\/wp\/v2\/media?parent=732"}],"curies":[{"name":"wp","href":"https:\/\/api.w.org\/{rel}","templated":true}]}}