{"id":643,"date":"2020-10-07T16:22:48","date_gmt":"2020-10-07T16:22:48","guid":{"rendered":"https:\/\/parodent.com.ua\/?page_id=643"},"modified":"2026-04-03T16:41:23","modified_gmt":"2026-04-03T16:41:23","slug":"kontakty","status":"publish","type":"page","link":"https:\/\/parodent.com.ua\/pl\/kontakty\/","title":{"rendered":"KONTAKTY"},"content":{"rendered":"","protected":false},"excerpt":{"rendered":"","protected":false},"author":1,"featured_media":0,"parent":0,"menu_order":14,"comment_status":"closed","ping_status":"closed","template":"templates\/flexible.php","meta":{"_acf_changed":false,"inline_featured_image":false,"footnotes":""},"class_list":["post-643","page","type-page","status-publish","hentry"],"acf":[],"yoast_head":"<!-- This site is optimized with the Yoast SEO plugin v26.6 - https:\/\/yoast.com\/wordpress\/plugins\/seo\/ -->\n<title>Kontakty - Sie\u0107 stomatologiczna Parodent<\/title>\n<meta name=\"description\" content=\"Numery telefon\u00f3w i adresy naszych o\u015brodk\u00f3w na Ukrainie, w USA i Kanadzie. Ch\u0119tnie Ci pomo\u017cemy - przyjd\u017a, zadzwo\u0144, napisz.\" \/>\n<meta name=\"robots\" content=\"index, follow, max-snippet:-1, max-image-preview:large, max-video-preview:-1\" \/>\n<link rel=\"canonical\" href=\"https:\/\/parodent.com.ua\/pl\/kontakty\/\" \/>\n<meta property=\"og:locale\" content=\"pl_PL\" \/>\n<meta property=\"og:type\" content=\"article\" \/>\n<meta property=\"og:title\" content=\"Kontakty - Sie\u0107 stomatologiczna Parodent\" \/>\n<meta property=\"og:description\" content=\"Numery telefon\u00f3w i adresy naszych o\u015brodk\u00f3w na Ukrainie, w USA i Kanadzie. Ch\u0119tnie Ci pomo\u017cemy - przyjd\u017a, zadzwo\u0144, napisz.\" \/>\n<meta property=\"og:url\" content=\"https:\/\/parodent.com.ua\/pl\/kontakty\/\" \/>\n<meta property=\"og:site_name\" content=\"Parodent\" \/>\n<meta property=\"article:modified_time\" content=\"2026-04-03T16:41:23+00:00\" \/>\n<meta name=\"twitter:card\" content=\"summary_large_image\" \/>\n<script type=\"application\/ld+json\" class=\"yoast-schema-graph\">{\"@context\":\"https:\/\/schema.org\",\"@graph\":[{\"@type\":\"WebPage\",\"@id\":\"https:\/\/parodent.com.ua\/pl\/kontakty\/\",\"url\":\"https:\/\/parodent.com.ua\/pl\/kontakty\/\",\"name\":\"Kontakty - Sie\u0107 stomatologiczna Parodent\",\"isPartOf\":{\"@id\":\"https:\/\/parodent.com.ua\/pl\/#website\"},\"datePublished\":\"2020-10-07T16:22:48+00:00\",\"dateModified\":\"2026-04-03T16:41:23+00:00\",\"description\":\"Numery telefon\u00f3w i adresy naszych o\u015brodk\u00f3w na Ukrainie, w USA i Kanadzie. Ch\u0119tnie Ci pomo\u017cemy - przyjd\u017a, zadzwo\u0144, napisz.\",\"breadcrumb\":{\"@id\":\"https:\/\/parodent.com.ua\/pl\/kontakty\/#breadcrumb\"},\"inLanguage\":\"pl-PL\",\"potentialAction\":[{\"@type\":\"ReadAction\",\"target\":[[\"https:\/\/parodent.com.ua\/pl\/kontakty\/\"]]}]},{\"@type\":\"BreadcrumbList\",\"@id\":\"https:\/\/parodent.com.ua\/pl\/kontakty\/#breadcrumb\",\"itemListElement\":[{\"@type\":\"ListItem\",\"position\":1,\"name\":\"\u0413\u043e\u043b\u043e\u0432\u043d\u0430 \u0421\u0442\u043e\u0440\u0456\u043d\u043a\u0430\",\"item\":\"https:\/\/parodent.com.ua\/pl\/\"},{\"@type\":\"ListItem\",\"position\":2,\"name\":\"\u041a\u043e\u043d\u0442\u0430\u043a\u0442\u0438\"}]},{\"@type\":\"WebSite\",\"@id\":\"https:\/\/parodent.com.ua\/pl\/#website\",\"url\":\"https:\/\/parodent.com.ua\/pl\/\",\"name\":\"\u041f\u0430\u0440\u043e\u0434\u0435\u043d\u0442\",\"description\":\"\",\"potentialAction\":[{\"@type\":\"SearchAction\",\"target\":{\"@type\":\"EntryPoint\",\"urlTemplate\":\"https:\/\/parodent.com.ua\/pl\/?s={search_term_string}\"},\"query-input\":{\"@type\":\"PropertyValueSpecification\",\"valueRequired\":true,\"valueName\":\"search_term_string\"}}],\"inLanguage\":\"pl-PL\"}]}<\/script>\n<!-- \/ Yoast SEO plugin. -->","yoast_head_json":{"title":"Kontakty - Sie\u0107 stomatologiczna Parodent","description":"Numery telefon\u00f3w i adresy naszych o\u015brodk\u00f3w na Ukrainie, w USA i Kanadzie. Ch\u0119tnie Ci pomo\u017cemy - przyjd\u017a, zadzwo\u0144, napisz.","robots":{"index":"index","follow":"follow","max-snippet":"max-snippet:-1","max-image-preview":"max-image-preview:large","max-video-preview":"max-video-preview:-1"},"canonical":"https:\/\/parodent.com.ua\/pl\/kontakty\/","og_locale":"pl_PL","og_type":"article","og_title":"Kontakty - Sie\u0107 stomatologiczna Parodent","og_description":"Numery telefon\u00f3w i adresy naszych o\u015brodk\u00f3w na Ukrainie, w USA i Kanadzie. Ch\u0119tnie Ci pomo\u017cemy - przyjd\u017a, zadzwo\u0144, napisz.","og_url":"https:\/\/parodent.com.ua\/pl\/kontakty\/","og_site_name":"Parodent","article_modified_time":"2026-04-03T16:41:23+00:00","twitter_card":"summary_large_image","schema":{"@context":"https:\/\/schema.org","@graph":[{"@type":"WebPage","@id":"https:\/\/parodent.com.ua\/pl\/kontakty\/","url":"https:\/\/parodent.com.ua\/pl\/kontakty\/","name":"Kontakty - Sie\u0107 stomatologiczna Parodent","isPartOf":{"@id":"https:\/\/parodent.com.ua\/pl\/#website"},"datePublished":"2020-10-07T16:22:48+00:00","dateModified":"2026-04-03T16:41:23+00:00","description":"Numery telefon\u00f3w i adresy naszych o\u015brodk\u00f3w na Ukrainie, w USA i Kanadzie. Ch\u0119tnie Ci pomo\u017cemy - przyjd\u017a, zadzwo\u0144, napisz.","breadcrumb":{"@id":"https:\/\/parodent.com.ua\/pl\/kontakty\/#breadcrumb"},"inLanguage":"pl-PL","potentialAction":[{"@type":"ReadAction","target":[["https:\/\/parodent.com.ua\/pl\/kontakty\/"]]}]},{"@type":"BreadcrumbList","@id":"https:\/\/parodent.com.ua\/pl\/kontakty\/#breadcrumb","itemListElement":[{"@type":"ListItem","position":1,"name":"\u0413\u043e\u043b\u043e\u0432\u043d\u0430 \u0421\u0442\u043e\u0440\u0456\u043d\u043a\u0430","item":"https:\/\/parodent.com.ua\/pl\/"},{"@type":"ListItem","position":2,"name":"\u041a\u043e\u043d\u0442\u0430\u043a\u0442\u0438"}]},{"@type":"WebSite","@id":"https:\/\/parodent.com.ua\/pl\/#website","url":"https:\/\/parodent.com.ua\/pl\/","name":"\u041f\u0430\u0440\u043e\u0434\u0435\u043d\u0442","description":"","potentialAction":[{"@type":"SearchAction","target":{"@type":"EntryPoint","urlTemplate":"https:\/\/parodent.com.ua\/pl\/?s={search_term_string}"},"query-input":{"@type":"PropertyValueSpecification","valueRequired":true,"valueName":"search_term_string"}}],"inLanguage":"pl-PL"}]}},"_links":{"self":[{"href":"https:\/\/parodent.com.ua\/pl\/wp-json\/wp\/v2\/pages\/643","targetHints":{"allow":["GET"]}}],"collection":[{"href":"https:\/\/parodent.com.ua\/pl\/wp-json\/wp\/v2\/pages"}],"about":[{"href":"https:\/\/parodent.com.ua\/pl\/wp-json\/wp\/v2\/types\/page"}],"author":[{"embeddable":true,"href":"https:\/\/parodent.com.ua\/pl\/wp-json\/wp\/v2\/users\/1"}],"replies":[{"embeddable":true,"href":"https:\/\/parodent.com.ua\/pl\/wp-json\/wp\/v2\/comments?post=643"}],"version-history":[{"count":2,"href":"https:\/\/parodent.com.ua\/pl\/wp-json\/wp\/v2\/pages\/643\/revisions"}],"predecessor-version":[{"id":3790,"href":"https:\/\/parodent.com.ua\/pl\/wp-json\/wp\/v2\/pages\/643\/revisions\/3790"}],"wp:attachment":[{"href":"https:\/\/parodent.com.ua\/pl\/wp-json\/wp\/v2\/media?parent=643"}],"curies":[{"name":"wp","href":"https:\/\/api.w.org\/{rel}","templated":true}]}}