{"id":2,"date":"2020-09-25T09:29:11","date_gmt":"2020-09-25T09:29:11","guid":{"rendered":"https:\/\/parodent.com.ua\/?page_id=2"},"modified":"2026-04-03T17:42:26","modified_gmt":"2026-04-03T17:42:26","slug":"sample-page","status":"publish","type":"page","link":"https:\/\/parodent.com.ua\/pl\/","title":{"rendered":"G\u0141\u00d3WNA STRONA"},"content":{"rendered":"\r\n<p>This is an example page. It&#8217;s different from a blog post because it will stay in one place and will show up in your site navigation (in most themes). Most people start with an About page that introduces them to potential site visitors. It might say something like this:<\/p>\r\n\r\n<p>&nbsp;<\/p>\r\n\r\n<blockquote class=\"wp-block-quote is-layout-flow wp-block-quote-is-layout-flow\">\r\n<p>Hi there! I&#8217;m a bike messenger by day, aspiring actor by night, and this is my website. I live in Los Angeles, have a great dog named Jack, and I like pi\u00f1a coladas. (And gettin&#8217; caught in the rain.)<\/p>\r\n<\/blockquote>\r\n\r\n<p>&nbsp;<\/p>\r\n\r\n<p>&#8230;or something like this:<\/p>\r\n\r\n<p>&nbsp;<\/p>\r\n\r\n<blockquote class=\"wp-block-quote is-layout-flow wp-block-quote-is-layout-flow\">\r\n<p>The XYZ Doohickey Company was founded in 1971, and has been providing quality doohickeys to the public ever since. Located in Gotham City, XYZ employs over 2,000 people and does all kinds of awesome things for the Gotham community.<\/p>\r\n<\/blockquote>\r\n\r\n<p>&nbsp;<\/p>\r\n\r\n<p>As a new WordPress user, you should go to <a href=\"https:\/\/parodent.com.ua\/wp-admin\/\">your dashboard<\/a> to delete this page and create new pages for your content. Have fun!<\/p>\r\n","protected":false},"excerpt":{"rendered":"<p>This is an example page. It&#8217;s different from a blog post because it will stay in one place and will show up in your site navigation (in most themes). Most people start with an About page that introduces them to potential site visitors. It might say something like this: &nbsp; Hi there! I&#8217;m a bike [&hellip;]<\/p>\n","protected":false},"author":1,"featured_media":0,"parent":0,"menu_order":20,"comment_status":"closed","ping_status":"open","template":"","meta":{"_acf_changed":false,"inline_featured_image":false,"footnotes":""},"class_list":["post-2","page","type-page","status-publish","hentry"],"acf":[],"yoast_head":"<!-- This site is optimized with the Yoast SEO plugin v26.6 - https:\/\/yoast.com\/wordpress\/plugins\/seo\/ -->\n<title>Sie\u0107 stomatologiczna Parodent - Wysokiej jako\u015bci stomatologia we Lwowie<\/title>\n<meta name=\"description\" content=\"\u201eParodent\u201d to wysokiej jako\u015bci i niedroga opieka stomatologiczna, wykwalifikowani denty\u015bci i zadowoleni pacjenci. Zarezerwuj konsultacj\u0119 na naszej stronie internetowej!\" \/>\n<meta name=\"robots\" content=\"index, follow, max-snippet:-1, max-image-preview:large, max-video-preview:-1\" \/>\n<link rel=\"canonical\" href=\"https:\/\/parodent.com.ua\/pl\/\" \/>\n<meta property=\"og:locale\" content=\"pl_PL\" \/>\n<meta property=\"og:type\" content=\"article\" \/>\n<meta property=\"og:title\" content=\"Sie\u0107 stomatologiczna Parodent - Wysokiej jako\u015bci stomatologia we Lwowie\" \/>\n<meta property=\"og:description\" content=\"\u201eParodent\u201d to wysokiej jako\u015bci i niedroga opieka stomatologiczna, wykwalifikowani denty\u015bci i zadowoleni pacjenci. Zarezerwuj konsultacj\u0119 na naszej stronie internetowej!\" \/>\n<meta property=\"og:url\" content=\"https:\/\/parodent.com.ua\/pl\/\" \/>\n<meta property=\"og:site_name\" content=\"Parodent\" \/>\n<meta property=\"article:modified_time\" content=\"2026-04-03T17:42:26+00:00\" \/>\n<meta name=\"twitter:card\" content=\"summary_large_image\" \/>\n<meta name=\"twitter:label1\" content=\"Szacowany czas czytania\" \/>\n\t<meta name=\"twitter:data1\" content=\"1 minuta\" \/>\n<script type=\"application\/ld+json\" class=\"yoast-schema-graph\">{\"@context\":\"https:\/\/schema.org\",\"@graph\":[{\"@type\":\"WebPage\",\"@id\":\"https:\/\/parodent.com.ua\/pl\/\",\"url\":\"https:\/\/parodent.com.ua\/pl\/\",\"name\":\"Sie\u0107 stomatologiczna Parodent - Wysokiej jako\u015bci stomatologia we Lwowie\",\"isPartOf\":{\"@id\":\"https:\/\/parodent.com.ua\/pl\/#website\"},\"datePublished\":\"2020-09-25T09:29:11+00:00\",\"dateModified\":\"2026-04-03T17:42:26+00:00\",\"description\":\"\u201eParodent\u201d to wysokiej jako\u015bci i niedroga opieka stomatologiczna, wykwalifikowani denty\u015bci i zadowoleni pacjenci. Zarezerwuj konsultacj\u0119 na naszej stronie internetowej!\",\"breadcrumb\":{\"@id\":\"https:\/\/parodent.com.ua\/pl\/#breadcrumb\"},\"inLanguage\":\"pl-PL\",\"potentialAction\":[{\"@type\":\"ReadAction\",\"target\":[[\"https:\/\/parodent.com.ua\/pl\/\"]]}]},{\"@type\":\"BreadcrumbList\",\"@id\":\"https:\/\/parodent.com.ua\/pl\/#breadcrumb\",\"itemListElement\":[{\"@type\":\"ListItem\",\"position\":1,\"name\":\"\u0413\u043e\u043b\u043e\u0432\u043d\u0430 \u0421\u0442\u043e\u0440\u0456\u043d\u043a\u0430\",\"item\":\"https:\/\/parodent.com.ua\/pl\/\"},{\"@type\":\"ListItem\",\"position\":2,\"name\":\"\u0413\u043e\u043b\u043e\u0432\u043d\u0430\"}]},{\"@type\":\"WebSite\",\"@id\":\"https:\/\/parodent.com.ua\/pl\/#website\",\"url\":\"https:\/\/parodent.com.ua\/pl\/\",\"name\":\"\u041f\u0430\u0440\u043e\u0434\u0435\u043d\u0442\",\"description\":\"\",\"potentialAction\":[{\"@type\":\"SearchAction\",\"target\":{\"@type\":\"EntryPoint\",\"urlTemplate\":\"https:\/\/parodent.com.ua\/pl\/?s={search_term_string}\"},\"query-input\":{\"@type\":\"PropertyValueSpecification\",\"valueRequired\":true,\"valueName\":\"search_term_string\"}}],\"inLanguage\":\"pl-PL\"}]}<\/script>\n<!-- \/ Yoast SEO plugin. -->","yoast_head_json":{"title":"Sie\u0107 stomatologiczna Parodent - Wysokiej jako\u015bci stomatologia we Lwowie","description":"\u201eParodent\u201d to wysokiej jako\u015bci i niedroga opieka stomatologiczna, wykwalifikowani denty\u015bci i zadowoleni pacjenci. Zarezerwuj konsultacj\u0119 na naszej stronie internetowej!","robots":{"index":"index","follow":"follow","max-snippet":"max-snippet:-1","max-image-preview":"max-image-preview:large","max-video-preview":"max-video-preview:-1"},"canonical":"https:\/\/parodent.com.ua\/pl\/","og_locale":"pl_PL","og_type":"article","og_title":"Sie\u0107 stomatologiczna Parodent - Wysokiej jako\u015bci stomatologia we Lwowie","og_description":"\u201eParodent\u201d to wysokiej jako\u015bci i niedroga opieka stomatologiczna, wykwalifikowani denty\u015bci i zadowoleni pacjenci. Zarezerwuj konsultacj\u0119 na naszej stronie internetowej!","og_url":"https:\/\/parodent.com.ua\/pl\/","og_site_name":"Parodent","article_modified_time":"2026-04-03T17:42:26+00:00","twitter_card":"summary_large_image","twitter_misc":{"Szacowany czas czytania":"1 minuta"},"schema":{"@context":"https:\/\/schema.org","@graph":[{"@type":"WebPage","@id":"https:\/\/parodent.com.ua\/pl\/","url":"https:\/\/parodent.com.ua\/pl\/","name":"Sie\u0107 stomatologiczna Parodent - Wysokiej jako\u015bci stomatologia we Lwowie","isPartOf":{"@id":"https:\/\/parodent.com.ua\/pl\/#website"},"datePublished":"2020-09-25T09:29:11+00:00","dateModified":"2026-04-03T17:42:26+00:00","description":"\u201eParodent\u201d to wysokiej jako\u015bci i niedroga opieka stomatologiczna, wykwalifikowani denty\u015bci i zadowoleni pacjenci. Zarezerwuj konsultacj\u0119 na naszej stronie internetowej!","breadcrumb":{"@id":"https:\/\/parodent.com.ua\/pl\/#breadcrumb"},"inLanguage":"pl-PL","potentialAction":[{"@type":"ReadAction","target":[["https:\/\/parodent.com.ua\/pl\/"]]}]},{"@type":"BreadcrumbList","@id":"https:\/\/parodent.com.ua\/pl\/#breadcrumb","itemListElement":[{"@type":"ListItem","position":1,"name":"\u0413\u043e\u043b\u043e\u0432\u043d\u0430 \u0421\u0442\u043e\u0440\u0456\u043d\u043a\u0430","item":"https:\/\/parodent.com.ua\/pl\/"},{"@type":"ListItem","position":2,"name":"\u0413\u043e\u043b\u043e\u0432\u043d\u0430"}]},{"@type":"WebSite","@id":"https:\/\/parodent.com.ua\/pl\/#website","url":"https:\/\/parodent.com.ua\/pl\/","name":"\u041f\u0430\u0440\u043e\u0434\u0435\u043d\u0442","description":"","potentialAction":[{"@type":"SearchAction","target":{"@type":"EntryPoint","urlTemplate":"https:\/\/parodent.com.ua\/pl\/?s={search_term_string}"},"query-input":{"@type":"PropertyValueSpecification","valueRequired":true,"valueName":"search_term_string"}}],"inLanguage":"pl-PL"}]}},"_links":{"self":[{"href":"https:\/\/parodent.com.ua\/pl\/wp-json\/wp\/v2\/pages\/2","targetHints":{"allow":["GET"]}}],"collection":[{"href":"https:\/\/parodent.com.ua\/pl\/wp-json\/wp\/v2\/pages"}],"about":[{"href":"https:\/\/parodent.com.ua\/pl\/wp-json\/wp\/v2\/types\/page"}],"author":[{"embeddable":true,"href":"https:\/\/parodent.com.ua\/pl\/wp-json\/wp\/v2\/users\/1"}],"replies":[{"embeddable":true,"href":"https:\/\/parodent.com.ua\/pl\/wp-json\/wp\/v2\/comments?post=2"}],"version-history":[{"count":19,"href":"https:\/\/parodent.com.ua\/pl\/wp-json\/wp\/v2\/pages\/2\/revisions"}],"predecessor-version":[{"id":3793,"href":"https:\/\/parodent.com.ua\/pl\/wp-json\/wp\/v2\/pages\/2\/revisions\/3793"}],"wp:attachment":[{"href":"https:\/\/parodent.com.ua\/pl\/wp-json\/wp\/v2\/media?parent=2"}],"curies":[{"name":"wp","href":"https:\/\/api.w.org\/{rel}","templated":true}]}}