{"id":1044,"date":"2020-10-28T08:18:36","date_gmt":"2020-10-28T08:18:36","guid":{"rendered":"https:\/\/parodent.com.ua\/?page_id=1044"},"modified":"2026-04-07T08:42:41","modified_gmt":"2026-04-07T08:42:41","slug":"prejskurant","status":"publish","type":"page","link":"https:\/\/parodent.com.ua\/pl\/prejskurant\/","title":{"rendered":"Ceny"},"content":{"rendered":"","protected":false},"excerpt":{"rendered":"","protected":false},"author":1,"featured_media":0,"parent":0,"menu_order":9,"comment_status":"closed","ping_status":"closed","template":"templates\/price-new.php","meta":{"_acf_changed":false,"inline_featured_image":false,"footnotes":""},"class_list":["post-1044","page","type-page","status-publish","hentry"],"acf":[],"yoast_head":"<!-- This site is optimized with the Yoast SEO plugin v26.6 - https:\/\/yoast.com\/wordpress\/plugins\/seo\/ -->\n<title>Cennik - Sie\u0107 gabinet\u00f3w stomatologicznych Parodent<\/title>\n<meta name=\"description\" content=\"Optymalne ceny us\u0142ug stomatologicznych. Koszt materia\u0142\u00f3w (wszystkie pochodz\u0105 ze Stan\u00f3w Zjednoczonych i Kanady) stanowi wi\u0119ksz\u0105 cz\u0119\u015b\u0107 ceny leczenia stomatologicznego. Stomatologia, Lw\u00f3w.\" \/>\n<meta name=\"robots\" content=\"index, follow, max-snippet:-1, max-image-preview:large, max-video-preview:-1\" \/>\n<link rel=\"canonical\" href=\"https:\/\/parodent.com.ua\/pl\/prejskurant\/\" \/>\n<meta property=\"og:locale\" content=\"pl_PL\" \/>\n<meta property=\"og:type\" content=\"article\" \/>\n<meta property=\"og:title\" content=\"Cennik - Sie\u0107 gabinet\u00f3w stomatologicznych Parodent\" \/>\n<meta property=\"og:description\" content=\"Optymalne ceny us\u0142ug stomatologicznych. Koszt materia\u0142\u00f3w (wszystkie pochodz\u0105 ze Stan\u00f3w Zjednoczonych i Kanady) stanowi wi\u0119ksz\u0105 cz\u0119\u015b\u0107 ceny leczenia stomatologicznego. Stomatologia, Lw\u00f3w.\" \/>\n<meta property=\"og:url\" content=\"https:\/\/parodent.com.ua\/pl\/prejskurant\/\" \/>\n<meta property=\"og:site_name\" content=\"Parodent\" \/>\n<meta property=\"article:modified_time\" content=\"2026-04-07T08:42:41+00:00\" \/>\n<meta name=\"twitter:card\" content=\"summary_large_image\" \/>\n<script type=\"application\/ld+json\" class=\"yoast-schema-graph\">{\"@context\":\"https:\/\/schema.org\",\"@graph\":[{\"@type\":\"WebPage\",\"@id\":\"https:\/\/parodent.com.ua\/pl\/prejskurant\/\",\"url\":\"https:\/\/parodent.com.ua\/pl\/prejskurant\/\",\"name\":\"Cennik - Sie\u0107 gabinet\u00f3w stomatologicznych Parodent\",\"isPartOf\":{\"@id\":\"https:\/\/parodent.com.ua\/pl\/#website\"},\"datePublished\":\"2020-10-28T08:18:36+00:00\",\"dateModified\":\"2026-04-07T08:42:41+00:00\",\"description\":\"Optymalne ceny us\u0142ug stomatologicznych. Koszt materia\u0142\u00f3w (wszystkie pochodz\u0105 ze Stan\u00f3w Zjednoczonych i Kanady) stanowi wi\u0119ksz\u0105 cz\u0119\u015b\u0107 ceny leczenia stomatologicznego. Stomatologia, Lw\u00f3w.\",\"breadcrumb\":{\"@id\":\"https:\/\/parodent.com.ua\/pl\/prejskurant\/#breadcrumb\"},\"inLanguage\":\"pl-PL\",\"potentialAction\":[{\"@type\":\"ReadAction\",\"target\":[[\"https:\/\/parodent.com.ua\/pl\/prejskurant\/\"]]}]},{\"@type\":\"BreadcrumbList\",\"@id\":\"https:\/\/parodent.com.ua\/pl\/prejskurant\/#breadcrumb\",\"itemListElement\":[{\"@type\":\"ListItem\",\"position\":1,\"name\":\"\u0413\u043e\u043b\u043e\u0432\u043d\u0430 \u0421\u0442\u043e\u0440\u0456\u043d\u043a\u0430\",\"item\":\"https:\/\/parodent.com.ua\/pl\/\"},{\"@type\":\"ListItem\",\"position\":2,\"name\":\"\u0426\u0456\u043d\u0438\"}]},{\"@type\":\"WebSite\",\"@id\":\"https:\/\/parodent.com.ua\/pl\/#website\",\"url\":\"https:\/\/parodent.com.ua\/pl\/\",\"name\":\"\u041f\u0430\u0440\u043e\u0434\u0435\u043d\u0442\",\"description\":\"\",\"potentialAction\":[{\"@type\":\"SearchAction\",\"target\":{\"@type\":\"EntryPoint\",\"urlTemplate\":\"https:\/\/parodent.com.ua\/pl\/?s={search_term_string}\"},\"query-input\":{\"@type\":\"PropertyValueSpecification\",\"valueRequired\":true,\"valueName\":\"search_term_string\"}}],\"inLanguage\":\"pl-PL\"}]}<\/script>\n<!-- \/ Yoast SEO plugin. -->","yoast_head_json":{"title":"Cennik - Sie\u0107 gabinet\u00f3w stomatologicznych Parodent","description":"Optymalne ceny us\u0142ug stomatologicznych. Koszt materia\u0142\u00f3w (wszystkie pochodz\u0105 ze Stan\u00f3w Zjednoczonych i Kanady) stanowi wi\u0119ksz\u0105 cz\u0119\u015b\u0107 ceny leczenia stomatologicznego. Stomatologia, Lw\u00f3w.","robots":{"index":"index","follow":"follow","max-snippet":"max-snippet:-1","max-image-preview":"max-image-preview:large","max-video-preview":"max-video-preview:-1"},"canonical":"https:\/\/parodent.com.ua\/pl\/prejskurant\/","og_locale":"pl_PL","og_type":"article","og_title":"Cennik - Sie\u0107 gabinet\u00f3w stomatologicznych Parodent","og_description":"Optymalne ceny us\u0142ug stomatologicznych. Koszt materia\u0142\u00f3w (wszystkie pochodz\u0105 ze Stan\u00f3w Zjednoczonych i Kanady) stanowi wi\u0119ksz\u0105 cz\u0119\u015b\u0107 ceny leczenia stomatologicznego. Stomatologia, Lw\u00f3w.","og_url":"https:\/\/parodent.com.ua\/pl\/prejskurant\/","og_site_name":"Parodent","article_modified_time":"2026-04-07T08:42:41+00:00","twitter_card":"summary_large_image","schema":{"@context":"https:\/\/schema.org","@graph":[{"@type":"WebPage","@id":"https:\/\/parodent.com.ua\/pl\/prejskurant\/","url":"https:\/\/parodent.com.ua\/pl\/prejskurant\/","name":"Cennik - Sie\u0107 gabinet\u00f3w stomatologicznych Parodent","isPartOf":{"@id":"https:\/\/parodent.com.ua\/pl\/#website"},"datePublished":"2020-10-28T08:18:36+00:00","dateModified":"2026-04-07T08:42:41+00:00","description":"Optymalne ceny us\u0142ug stomatologicznych. Koszt materia\u0142\u00f3w (wszystkie pochodz\u0105 ze Stan\u00f3w Zjednoczonych i Kanady) stanowi wi\u0119ksz\u0105 cz\u0119\u015b\u0107 ceny leczenia stomatologicznego. Stomatologia, Lw\u00f3w.","breadcrumb":{"@id":"https:\/\/parodent.com.ua\/pl\/prejskurant\/#breadcrumb"},"inLanguage":"pl-PL","potentialAction":[{"@type":"ReadAction","target":[["https:\/\/parodent.com.ua\/pl\/prejskurant\/"]]}]},{"@type":"BreadcrumbList","@id":"https:\/\/parodent.com.ua\/pl\/prejskurant\/#breadcrumb","itemListElement":[{"@type":"ListItem","position":1,"name":"\u0413\u043e\u043b\u043e\u0432\u043d\u0430 \u0421\u0442\u043e\u0440\u0456\u043d\u043a\u0430","item":"https:\/\/parodent.com.ua\/pl\/"},{"@type":"ListItem","position":2,"name":"\u0426\u0456\u043d\u0438"}]},{"@type":"WebSite","@id":"https:\/\/parodent.com.ua\/pl\/#website","url":"https:\/\/parodent.com.ua\/pl\/","name":"\u041f\u0430\u0440\u043e\u0434\u0435\u043d\u0442","description":"","potentialAction":[{"@type":"SearchAction","target":{"@type":"EntryPoint","urlTemplate":"https:\/\/parodent.com.ua\/pl\/?s={search_term_string}"},"query-input":{"@type":"PropertyValueSpecification","valueRequired":true,"valueName":"search_term_string"}}],"inLanguage":"pl-PL"}]}},"_links":{"self":[{"href":"https:\/\/parodent.com.ua\/pl\/wp-json\/wp\/v2\/pages\/1044","targetHints":{"allow":["GET"]}}],"collection":[{"href":"https:\/\/parodent.com.ua\/pl\/wp-json\/wp\/v2\/pages"}],"about":[{"href":"https:\/\/parodent.com.ua\/pl\/wp-json\/wp\/v2\/types\/page"}],"author":[{"embeddable":true,"href":"https:\/\/parodent.com.ua\/pl\/wp-json\/wp\/v2\/users\/1"}],"replies":[{"embeddable":true,"href":"https:\/\/parodent.com.ua\/pl\/wp-json\/wp\/v2\/comments?post=1044"}],"version-history":[{"count":130,"href":"https:\/\/parodent.com.ua\/pl\/wp-json\/wp\/v2\/pages\/1044\/revisions"}],"predecessor-version":[{"id":3797,"href":"https:\/\/parodent.com.ua\/pl\/wp-json\/wp\/v2\/pages\/1044\/revisions\/3797"}],"wp:attachment":[{"href":"https:\/\/parodent.com.ua\/pl\/wp-json\/wp\/v2\/media?parent=1044"}],"curies":[{"name":"wp","href":"https:\/\/api.w.org\/{rel}","templated":true}]}}